{"id":103,"date":"2024-05-17T14:13:22","date_gmt":"2024-05-17T14:13:22","guid":{"rendered":"https:\/\/skulpturen-unikate.de\/?page_id=103"},"modified":"2024-07-07T21:18:12","modified_gmt":"2024-07-07T21:18:12","slug":"skulpturen-aus-granit","status":"publish","type":"page","link":"https:\/\/www.skulpturen-unikate.de\/?page_id=103","title":{"rendered":"Skulpturen aus Granit"},"content":{"rendered":"\n<p>Bei den Skulpturen aus Granit ist der ausschlie\u00dfliche Werkstoff Granit. Keine Kombination mit Bronze oder anderen Werkstoffen.h<\/p>\n\n\n\n<p>Hierbei gibt es :<\/p>\n\n\n\n<ul class=\"wp-block-list\">\n<li>Koboldk\u00f6pfe<\/li>\n\n\n\n<li>Sonnenf\u00e4ngerstelen (ohne Bronze)<\/li>\n\n\n\n<li>Figuren (z. B. :  Ziegenbock, Schildkr\u00f6te, Eulen, &#8230;)<\/li>\n<\/ul>\n\n\n\n<p>R\u00e4ucherm\u00e4nnchen<\/p>\n\n\n\n<figure class=\"wp-block-gallery has-nested-images columns-default is-cropped wp-block-gallery-1 is-layout-flex wp-block-gallery-is-layout-flex\">\n<figure class=\"wp-block-image size-large\"><img loading=\"lazy\" decoding=\"async\" width=\"587\" height=\"1024\" data-id=\"76\" src=\"https:\/\/www.skulpturen-unikate.de\/wp-content\/uploads\/2024\/05\/IMG_6834-587x1024.jpg\" alt=\"\" class=\"wp-image-76\" srcset=\"https:\/\/www.skulpturen-unikate.de\/wp-content\/uploads\/2024\/05\/IMG_6834-587x1024.jpg 587w, https:\/\/www.skulpturen-unikate.de\/wp-content\/uploads\/2024\/05\/IMG_6834-350x610.jpg 350w, https:\/\/www.skulpturen-unikate.de\/wp-content\/uploads\/2024\/05\/IMG_6834-172x300.jpg 172w, https:\/\/www.skulpturen-unikate.de\/wp-content\/uploads\/2024\/05\/IMG_6834-768x1339.jpg 768w, https:\/\/www.skulpturen-unikate.de\/wp-content\/uploads\/2024\/05\/IMG_6834-881x1536.jpg 881w, https:\/\/www.skulpturen-unikate.de\/wp-content\/uploads\/2024\/05\/IMG_6834.jpg 1035w\" sizes=\"auto, (max-width: 587px) 100vw, 587px\" \/><\/figure>\n\n\n\n<figure class=\"wp-block-image size-large\"><img loading=\"lazy\" decoding=\"async\" width=\"1024\" height=\"768\" data-id=\"71\" src=\"https:\/\/www.skulpturen-unikate.de\/wp-content\/uploads\/2024\/05\/IMG_0084-1024x768.jpg\" alt=\"\" class=\"wp-image-71\" srcset=\"https:\/\/www.skulpturen-unikate.de\/wp-content\/uploads\/2024\/05\/IMG_0084-1024x768.jpg 1024w, https:\/\/www.skulpturen-unikate.de\/wp-content\/uploads\/2024\/05\/IMG_0084-350x263.jpg 350w, https:\/\/www.skulpturen-unikate.de\/wp-content\/uploads\/2024\/05\/IMG_0084-300x225.jpg 300w, https:\/\/www.skulpturen-unikate.de\/wp-content\/uploads\/2024\/05\/IMG_0084-768x576.jpg 768w, https:\/\/www.skulpturen-unikate.de\/wp-content\/uploads\/2024\/05\/IMG_0084-1536x1152.jpg 1536w, https:\/\/www.skulpturen-unikate.de\/wp-content\/uploads\/2024\/05\/IMG_0084.jpg 2016w\" sizes=\"auto, (max-width: 706px) 89vw, (max-width: 767px) 82vw, 740px\" \/><\/figure>\n\n\n\n<figure class=\"wp-block-image size-large\"><img loading=\"lazy\" decoding=\"async\" width=\"1024\" height=\"768\" data-id=\"70\" src=\"https:\/\/www.skulpturen-unikate.de\/wp-content\/uploads\/2024\/05\/IMG_0081-1024x768.jpg\" alt=\"\" class=\"wp-image-70\" srcset=\"https:\/\/www.skulpturen-unikate.de\/wp-content\/uploads\/2024\/05\/IMG_0081-1024x768.jpg 1024w, https:\/\/www.skulpturen-unikate.de\/wp-content\/uploads\/2024\/05\/IMG_0081-rotated-350x263.jpg 350w, https:\/\/www.skulpturen-unikate.de\/wp-content\/uploads\/2024\/05\/IMG_0081-300x225.jpg 300w, https:\/\/www.skulpturen-unikate.de\/wp-content\/uploads\/2024\/05\/IMG_0081-768x576.jpg 768w, https:\/\/www.skulpturen-unikate.de\/wp-content\/uploads\/2024\/05\/IMG_0081-1536x1152.jpg 1536w, https:\/\/www.skulpturen-unikate.de\/wp-content\/uploads\/2024\/05\/IMG_0081-rotated.jpg 2016w\" sizes=\"auto, (max-width: 706px) 89vw, (max-width: 767px) 82vw, 740px\" \/><\/figure>\n\n\n\n<figure class=\"wp-block-image size-large\"><img loading=\"lazy\" decoding=\"async\" width=\"768\" height=\"1024\" data-id=\"67\" src=\"https:\/\/www.skulpturen-unikate.de\/wp-content\/uploads\/2024\/05\/IMG_0078-768x1024.jpg\" alt=\"zwei Eulen mit einem Elefanten\" class=\"wp-image-67\" srcset=\"https:\/\/www.skulpturen-unikate.de\/wp-content\/uploads\/2024\/05\/IMG_0078-768x1024.jpg 768w, https:\/\/www.skulpturen-unikate.de\/wp-content\/uploads\/2024\/05\/IMG_0078-rotated-350x467.jpg 350w, https:\/\/www.skulpturen-unikate.de\/wp-content\/uploads\/2024\/05\/IMG_0078-225x300.jpg 225w, https:\/\/www.skulpturen-unikate.de\/wp-content\/uploads\/2024\/05\/IMG_0078-1152x1536.jpg 1152w, https:\/\/www.skulpturen-unikate.de\/wp-content\/uploads\/2024\/05\/IMG_0078-rotated.jpg 1512w\" sizes=\"auto, (max-width: 706px) 89vw, (max-width: 767px) 82vw, 740px\" \/><figcaption class=\"wp-element-caption\">zwei Eulen und ein Elefant<\/figcaption><\/figure>\n\n\n\n<figure class=\"wp-block-image size-large\"><img loading=\"lazy\" decoding=\"async\" width=\"768\" height=\"1024\" data-id=\"54\" src=\"https:\/\/www.skulpturen-unikate.de\/wp-content\/uploads\/2024\/05\/IMG_0034-768x1024.jpg\" alt=\"\" class=\"wp-image-54\" srcset=\"https:\/\/www.skulpturen-unikate.de\/wp-content\/uploads\/2024\/05\/IMG_0034-768x1024.jpg 768w, https:\/\/www.skulpturen-unikate.de\/wp-content\/uploads\/2024\/05\/IMG_0034-rotated-350x467.jpg 350w, https:\/\/www.skulpturen-unikate.de\/wp-content\/uploads\/2024\/05\/IMG_0034-225x300.jpg 225w, https:\/\/www.skulpturen-unikate.de\/wp-content\/uploads\/2024\/05\/IMG_0034-1152x1536.jpg 1152w, https:\/\/www.skulpturen-unikate.de\/wp-content\/uploads\/2024\/05\/IMG_0034-rotated.jpg 1512w\" sizes=\"auto, (max-width: 706px) 89vw, (max-width: 767px) 82vw, 740px\" \/><\/figure>\n\n\n\n<figure class=\"wp-block-image size-large\"><img loading=\"lazy\" decoding=\"async\" width=\"1024\" height=\"768\" data-id=\"51\" src=\"https:\/\/www.skulpturen-unikate.de\/wp-content\/uploads\/2024\/05\/IMG_0029-1024x768.jpg\" alt=\"Eulen\" class=\"wp-image-51\" srcset=\"https:\/\/www.skulpturen-unikate.de\/wp-content\/uploads\/2024\/05\/IMG_0029-1024x768.jpg 1024w, https:\/\/www.skulpturen-unikate.de\/wp-content\/uploads\/2024\/05\/IMG_0029-350x263.jpg 350w, https:\/\/www.skulpturen-unikate.de\/wp-content\/uploads\/2024\/05\/IMG_0029-300x225.jpg 300w, https:\/\/www.skulpturen-unikate.de\/wp-content\/uploads\/2024\/05\/IMG_0029-768x576.jpg 768w, https:\/\/www.skulpturen-unikate.de\/wp-content\/uploads\/2024\/05\/IMG_0029-1536x1152.jpg 1536w, https:\/\/www.skulpturen-unikate.de\/wp-content\/uploads\/2024\/05\/IMG_0029.jpg 2016w\" sizes=\"auto, (max-width: 706px) 89vw, (max-width: 767px) 82vw, 740px\" \/><figcaption class=\"wp-element-caption\">vier Eulen als Beispiel<\/figcaption><\/figure>\n\n\n\n<figure class=\"wp-block-image size-large\"><img loading=\"lazy\" decoding=\"async\" width=\"768\" height=\"1024\" data-id=\"47\" src=\"https:\/\/www.skulpturen-unikate.de\/wp-content\/uploads\/2024\/05\/IMG_0025-768x1024.jpg\" alt=\"\" class=\"wp-image-47\" srcset=\"https:\/\/www.skulpturen-unikate.de\/wp-content\/uploads\/2024\/05\/IMG_0025-768x1024.jpg 768w, https:\/\/www.skulpturen-unikate.de\/wp-content\/uploads\/2024\/05\/IMG_0025-rotated-350x467.jpg 350w, https:\/\/www.skulpturen-unikate.de\/wp-content\/uploads\/2024\/05\/IMG_0025-225x300.jpg 225w, https:\/\/www.skulpturen-unikate.de\/wp-content\/uploads\/2024\/05\/IMG_0025-1152x1536.jpg 1152w, https:\/\/www.skulpturen-unikate.de\/wp-content\/uploads\/2024\/05\/IMG_0025-rotated.jpg 1512w\" sizes=\"auto, (max-width: 706px) 89vw, (max-width: 767px) 82vw, 740px\" \/><\/figure>\n\n\n\n<figure class=\"wp-block-image size-large\"><img loading=\"lazy\" decoding=\"async\" width=\"768\" height=\"1024\" data-id=\"44\" src=\"https:\/\/www.skulpturen-unikate.de\/wp-content\/uploads\/2024\/05\/IMG_0022-768x1024.jpg\" alt=\"\" class=\"wp-image-44\" srcset=\"https:\/\/www.skulpturen-unikate.de\/wp-content\/uploads\/2024\/05\/IMG_0022-768x1024.jpg 768w, https:\/\/www.skulpturen-unikate.de\/wp-content\/uploads\/2024\/05\/IMG_0022-rotated-350x467.jpg 350w, https:\/\/www.skulpturen-unikate.de\/wp-content\/uploads\/2024\/05\/IMG_0022-225x300.jpg 225w, https:\/\/www.skulpturen-unikate.de\/wp-content\/uploads\/2024\/05\/IMG_0022-1152x1536.jpg 1152w, https:\/\/www.skulpturen-unikate.de\/wp-content\/uploads\/2024\/05\/IMG_0022-rotated.jpg 1512w\" sizes=\"auto, (max-width: 706px) 89vw, (max-width: 767px) 82vw, 740px\" \/><\/figure>\n\n\n\n<figure class=\"wp-block-image size-large\"><img loading=\"lazy\" decoding=\"async\" width=\"768\" height=\"1024\" data-id=\"32\" src=\"https:\/\/www.skulpturen-unikate.de\/wp-content\/uploads\/2024\/05\/IMG_0009-768x1024.jpg\" alt=\"\" class=\"wp-image-32\" srcset=\"https:\/\/www.skulpturen-unikate.de\/wp-content\/uploads\/2024\/05\/IMG_0009-768x1024.jpg 768w, https:\/\/www.skulpturen-unikate.de\/wp-content\/uploads\/2024\/05\/IMG_0009-rotated-350x467.jpg 350w, https:\/\/www.skulpturen-unikate.de\/wp-content\/uploads\/2024\/05\/IMG_0009-225x300.jpg 225w, https:\/\/www.skulpturen-unikate.de\/wp-content\/uploads\/2024\/05\/IMG_0009-1152x1536.jpg 1152w, https:\/\/www.skulpturen-unikate.de\/wp-content\/uploads\/2024\/05\/IMG_0009-rotated.jpg 1512w\" sizes=\"auto, (max-width: 706px) 89vw, (max-width: 767px) 82vw, 740px\" \/><\/figure>\n\n\n\n<figure class=\"wp-block-image size-large\"><img loading=\"lazy\" decoding=\"async\" width=\"768\" height=\"1024\" data-id=\"31\" src=\"https:\/\/www.skulpturen-unikate.de\/wp-content\/uploads\/2024\/05\/IMG_0008-768x1024.jpg\" alt=\"\" class=\"wp-image-31\" srcset=\"https:\/\/www.skulpturen-unikate.de\/wp-content\/uploads\/2024\/05\/IMG_0008-768x1024.jpg 768w, https:\/\/www.skulpturen-unikate.de\/wp-content\/uploads\/2024\/05\/IMG_0008-rotated-350x467.jpg 350w, https:\/\/www.skulpturen-unikate.de\/wp-content\/uploads\/2024\/05\/IMG_0008-225x300.jpg 225w, https:\/\/www.skulpturen-unikate.de\/wp-content\/uploads\/2024\/05\/IMG_0008-1152x1536.jpg 1152w, https:\/\/www.skulpturen-unikate.de\/wp-content\/uploads\/2024\/05\/IMG_0008-rotated.jpg 1512w\" sizes=\"auto, (max-width: 706px) 89vw, (max-width: 767px) 82vw, 740px\" \/><\/figure>\n\n\n\n<figure class=\"wp-block-image size-large\"><img loading=\"lazy\" decoding=\"async\" width=\"768\" height=\"1024\" data-id=\"26\" src=\"https:\/\/www.skulpturen-unikate.de\/wp-content\/uploads\/2024\/05\/20230704_112427115_iOS-768x1024.jpg\" alt=\"\" class=\"wp-image-26\" srcset=\"https:\/\/www.skulpturen-unikate.de\/wp-content\/uploads\/2024\/05\/20230704_112427115_iOS-768x1024.jpg 768w, https:\/\/www.skulpturen-unikate.de\/wp-content\/uploads\/2024\/05\/20230704_112427115_iOS-rotated-350x467.jpg 350w, https:\/\/www.skulpturen-unikate.de\/wp-content\/uploads\/2024\/05\/20230704_112427115_iOS-225x300.jpg 225w, https:\/\/www.skulpturen-unikate.de\/wp-content\/uploads\/2024\/05\/20230704_112427115_iOS-1152x1536.jpg 1152w, https:\/\/www.skulpturen-unikate.de\/wp-content\/uploads\/2024\/05\/20230704_112427115_iOS-rotated.jpg 1512w\" sizes=\"auto, (max-width: 706px) 89vw, (max-width: 767px) 82vw, 740px\" \/><\/figure>\n\n\n\n<figure class=\"wp-block-image size-large\"><img loading=\"lazy\" decoding=\"async\" width=\"1024\" height=\"768\" data-id=\"25\" src=\"https:\/\/www.skulpturen-unikate.de\/wp-content\/uploads\/2024\/05\/20230418_162957237_iOS-1024x768.jpg\" alt=\"\" class=\"wp-image-25\" srcset=\"https:\/\/www.skulpturen-unikate.de\/wp-content\/uploads\/2024\/05\/20230418_162957237_iOS-1024x768.jpg 1024w, https:\/\/www.skulpturen-unikate.de\/wp-content\/uploads\/2024\/05\/20230418_162957237_iOS-350x263.jpg 350w, https:\/\/www.skulpturen-unikate.de\/wp-content\/uploads\/2024\/05\/20230418_162957237_iOS-300x225.jpg 300w, https:\/\/www.skulpturen-unikate.de\/wp-content\/uploads\/2024\/05\/20230418_162957237_iOS-768x576.jpg 768w, https:\/\/www.skulpturen-unikate.de\/wp-content\/uploads\/2024\/05\/20230418_162957237_iOS-1536x1152.jpg 1536w, https:\/\/www.skulpturen-unikate.de\/wp-content\/uploads\/2024\/05\/20230418_162957237_iOS.jpg 2016w\" sizes=\"auto, (max-width: 706px) 89vw, (max-width: 767px) 82vw, 740px\" \/><\/figure>\n\n\n\n<figure class=\"wp-block-image size-large\"><img loading=\"lazy\" decoding=\"async\" width=\"1024\" height=\"768\" data-id=\"23\" src=\"https:\/\/www.skulpturen-unikate.de\/wp-content\/uploads\/2024\/05\/20230402_113748086_iOS-1024x768.jpg\" alt=\"\" class=\"wp-image-23\" srcset=\"https:\/\/www.skulpturen-unikate.de\/wp-content\/uploads\/2024\/05\/20230402_113748086_iOS-1024x768.jpg 1024w, https:\/\/www.skulpturen-unikate.de\/wp-content\/uploads\/2024\/05\/20230402_113748086_iOS-350x263.jpg 350w, https:\/\/www.skulpturen-unikate.de\/wp-content\/uploads\/2024\/05\/20230402_113748086_iOS-300x225.jpg 300w, https:\/\/www.skulpturen-unikate.de\/wp-content\/uploads\/2024\/05\/20230402_113748086_iOS-768x576.jpg 768w, https:\/\/www.skulpturen-unikate.de\/wp-content\/uploads\/2024\/05\/20230402_113748086_iOS-1536x1152.jpg 1536w, https:\/\/www.skulpturen-unikate.de\/wp-content\/uploads\/2024\/05\/20230402_113748086_iOS.jpg 2016w\" sizes=\"auto, (max-width: 706px) 89vw, (max-width: 767px) 82vw, 740px\" \/><\/figure>\n\n\n\n<figure class=\"wp-block-image size-large\"><img loading=\"lazy\" decoding=\"async\" width=\"1024\" height=\"768\" data-id=\"22\" src=\"https:\/\/www.skulpturen-unikate.de\/wp-content\/uploads\/2024\/05\/20230402_113736310_iOS-1024x768.jpg\" alt=\"\" class=\"wp-image-22\" srcset=\"https:\/\/www.skulpturen-unikate.de\/wp-content\/uploads\/2024\/05\/20230402_113736310_iOS-1024x768.jpg 1024w, https:\/\/www.skulpturen-unikate.de\/wp-content\/uploads\/2024\/05\/20230402_113736310_iOS-350x263.jpg 350w, https:\/\/www.skulpturen-unikate.de\/wp-content\/uploads\/2024\/05\/20230402_113736310_iOS-300x225.jpg 300w, https:\/\/www.skulpturen-unikate.de\/wp-content\/uploads\/2024\/05\/20230402_113736310_iOS-768x576.jpg 768w, https:\/\/www.skulpturen-unikate.de\/wp-content\/uploads\/2024\/05\/20230402_113736310_iOS-1536x1152.jpg 1536w, https:\/\/www.skulpturen-unikate.de\/wp-content\/uploads\/2024\/05\/20230402_113736310_iOS.jpg 2016w\" sizes=\"auto, (max-width: 706px) 89vw, (max-width: 767px) 82vw, 740px\" \/><\/figure>\n\n\n\n<figure class=\"wp-block-image size-large\"><img loading=\"lazy\" decoding=\"async\" width=\"768\" height=\"1024\" data-id=\"21\" src=\"https:\/\/www.skulpturen-unikate.de\/wp-content\/uploads\/2024\/05\/20230402_113652887_iOS-768x1024.jpg\" alt=\"\" class=\"wp-image-21\" srcset=\"https:\/\/www.skulpturen-unikate.de\/wp-content\/uploads\/2024\/05\/20230402_113652887_iOS-768x1024.jpg 768w, https:\/\/www.skulpturen-unikate.de\/wp-content\/uploads\/2024\/05\/20230402_113652887_iOS-rotated-350x467.jpg 350w, https:\/\/www.skulpturen-unikate.de\/wp-content\/uploads\/2024\/05\/20230402_113652887_iOS-225x300.jpg 225w, https:\/\/www.skulpturen-unikate.de\/wp-content\/uploads\/2024\/05\/20230402_113652887_iOS-1152x1536.jpg 1152w, https:\/\/www.skulpturen-unikate.de\/wp-content\/uploads\/2024\/05\/20230402_113652887_iOS-rotated.jpg 1512w\" sizes=\"auto, (max-width: 706px) 89vw, (max-width: 767px) 82vw, 740px\" \/><\/figure>\n\n\n\n<figure class=\"wp-block-image size-large\"><img loading=\"lazy\" decoding=\"async\" width=\"768\" height=\"1024\" data-id=\"20\" src=\"https:\/\/www.skulpturen-unikate.de\/wp-content\/uploads\/2024\/05\/20230402_113643412_iOS-768x1024.jpg\" alt=\"Graniteule\" class=\"wp-image-20\" srcset=\"https:\/\/www.skulpturen-unikate.de\/wp-content\/uploads\/2024\/05\/20230402_113643412_iOS-768x1024.jpg 768w, https:\/\/www.skulpturen-unikate.de\/wp-content\/uploads\/2024\/05\/20230402_113643412_iOS-rotated-350x467.jpg 350w, https:\/\/www.skulpturen-unikate.de\/wp-content\/uploads\/2024\/05\/20230402_113643412_iOS-225x300.jpg 225w, https:\/\/www.skulpturen-unikate.de\/wp-content\/uploads\/2024\/05\/20230402_113643412_iOS-1152x1536.jpg 1152w, https:\/\/www.skulpturen-unikate.de\/wp-content\/uploads\/2024\/05\/20230402_113643412_iOS-rotated.jpg 1512w\" sizes=\"auto, (max-width: 706px) 89vw, (max-width: 767px) 82vw, 740px\" \/><figcaption class=\"wp-element-caption\">Graniteule<\/figcaption><\/figure>\n<\/figure>\n","protected":false},"excerpt":{"rendered":"<p>Bei den Skulpturen aus Granit ist der ausschlie\u00dfliche Werkstoff Granit. Keine Kombination mit Bronze oder anderen Werkstoffen.h Hierbei gibt es : R\u00e4ucherm\u00e4nnchen<\/p>\n","protected":false},"author":1,"featured_media":0,"parent":0,"menu_order":0,"comment_status":"closed","ping_status":"closed","template":"","meta":{"footnotes":""},"class_list":["post-103","page","type-page","status-publish","hentry"],"_links":{"self":[{"href":"https:\/\/www.skulpturen-unikate.de\/index.php?rest_route=\/wp\/v2\/pages\/103","targetHints":{"allow":["GET"]}}],"collection":[{"href":"https:\/\/www.skulpturen-unikate.de\/index.php?rest_route=\/wp\/v2\/pages"}],"about":[{"href":"https:\/\/www.skulpturen-unikate.de\/index.php?rest_route=\/wp\/v2\/types\/page"}],"author":[{"embeddable":true,"href":"https:\/\/www.skulpturen-unikate.de\/index.php?rest_route=\/wp\/v2\/users\/1"}],"replies":[{"embeddable":true,"href":"https:\/\/www.skulpturen-unikate.de\/index.php?rest_route=%2Fwp%2Fv2%2Fcomments&post=103"}],"version-history":[{"count":3,"href":"https:\/\/www.skulpturen-unikate.de\/index.php?rest_route=\/wp\/v2\/pages\/103\/revisions"}],"predecessor-version":[{"id":177,"href":"https:\/\/www.skulpturen-unikate.de\/index.php?rest_route=\/wp\/v2\/pages\/103\/revisions\/177"}],"wp:attachment":[{"href":"https:\/\/www.skulpturen-unikate.de\/index.php?rest_route=%2Fwp%2Fv2%2Fmedia&parent=103"}],"curies":[{"name":"wp","href":"https:\/\/api.w.org\/{rel}","templated":true}]}}