{"id":107,"date":"2024-05-17T14:15:12","date_gmt":"2024-05-17T14:15:12","guid":{"rendered":"https:\/\/skulpturen-unikate.de\/?page_id=107"},"modified":"2024-07-15T08:56:01","modified_gmt":"2024-07-15T08:56:01","slug":"skulpturen-aus-bronze","status":"publish","type":"page","link":"https:\/\/www.skulpturen-unikate.de\/?page_id=107","title":{"rendered":"Skulpturen aus Bronze"},"content":{"rendered":"\n<p>Ein meiner Schwerpunkte ist die k\u00fcnstlerische Veredelung einer Granitskulptur mit Elementen aus Bronze.<\/p>\n\n\n\n<p>Dabei kann zuerst die Granitskulptur entstehen und die Bronze die Skulptur vollenden, sowie auch die Bronze das f\u00fchrende Element sein und der Ganit die Skulptur unterstreichen.<\/p>\n\n\n\n<p>Die Bonzeskulpturen werden in unterschiedlichen Verfahren im Bronzeguss von mir hergestellt. Die unterschiedlichen Guss-Verfahren welche bei mir zur Anwendung kommen sind unter <a href=\"https:\/\/www.skulpturen-unikate.de\/?page_id=198\" data-type=\"page\" data-id=\"198\">Bronzegussverfahren<\/a> kurz beschrieben.<\/p>\n\n\n\n<p>Hier ist ein Beispiel angef\u00fchrt, bei dem zuerst die Bronzefigur (Reiherkopf) vorhanden war und die Erg\u00e4nzung mit nat\u00fcrlich gebrochenen Granit (Fl\u00fcgel) die Skulptur zu einem vollendenten Gesamtkunstwerk brachte.<\/p>\n\n\n\n<figure class=\"wp-block-image size-large\"><img loading=\"lazy\" decoding=\"async\" width=\"768\" height=\"1024\" src=\"https:\/\/www.skulpturen-unikate.de\/wp-content\/uploads\/2024\/05\/IMG_0079-768x1024.jpg\" alt=\"\" class=\"wp-image-68\" srcset=\"https:\/\/www.skulpturen-unikate.de\/wp-content\/uploads\/2024\/05\/IMG_0079-768x1024.jpg 768w, https:\/\/www.skulpturen-unikate.de\/wp-content\/uploads\/2024\/05\/IMG_0079-rotated-350x467.jpg 350w, https:\/\/www.skulpturen-unikate.de\/wp-content\/uploads\/2024\/05\/IMG_0079-225x300.jpg 225w, https:\/\/www.skulpturen-unikate.de\/wp-content\/uploads\/2024\/05\/IMG_0079-1152x1536.jpg 1152w, https:\/\/www.skulpturen-unikate.de\/wp-content\/uploads\/2024\/05\/IMG_0079-rotated.jpg 1512w\" sizes=\"auto, (max-width: 706px) 89vw, (max-width: 767px) 82vw, 740px\" \/><\/figure>\n\n\n\n<figure class=\"wp-block-gallery has-nested-images columns-default is-cropped wp-block-gallery-1 is-layout-flex wp-block-gallery-is-layout-flex\">\n<figure class=\"wp-block-image size-large\"><img loading=\"lazy\" decoding=\"async\" width=\"768\" height=\"1024\" data-id=\"36\" src=\"https:\/\/www.skulpturen-unikate.de\/wp-content\/uploads\/2024\/05\/IMG_0014-768x1024.jpg\" alt=\"\" class=\"wp-image-36\" srcset=\"https:\/\/www.skulpturen-unikate.de\/wp-content\/uploads\/2024\/05\/IMG_0014-768x1024.jpg 768w, https:\/\/www.skulpturen-unikate.de\/wp-content\/uploads\/2024\/05\/IMG_0014-rotated-350x467.jpg 350w, https:\/\/www.skulpturen-unikate.de\/wp-content\/uploads\/2024\/05\/IMG_0014-225x300.jpg 225w, https:\/\/www.skulpturen-unikate.de\/wp-content\/uploads\/2024\/05\/IMG_0014-1152x1536.jpg 1152w, https:\/\/www.skulpturen-unikate.de\/wp-content\/uploads\/2024\/05\/IMG_0014-rotated.jpg 1512w\" sizes=\"auto, (max-width: 706px) 89vw, (max-width: 767px) 82vw, 740px\" \/><figcaption class=\"wp-element-caption\">Ausschnitt Reiher<\/figcaption><\/figure>\n\n\n\n<figure class=\"wp-block-image size-large\"><img loading=\"lazy\" decoding=\"async\" width=\"768\" height=\"1024\" data-id=\"35\" src=\"https:\/\/www.skulpturen-unikate.de\/wp-content\/uploads\/2024\/05\/IMG_0013-768x1024.jpg\" alt=\"\" class=\"wp-image-35\" srcset=\"https:\/\/www.skulpturen-unikate.de\/wp-content\/uploads\/2024\/05\/IMG_0013-768x1024.jpg 768w, https:\/\/www.skulpturen-unikate.de\/wp-content\/uploads\/2024\/05\/IMG_0013-rotated-350x467.jpg 350w, https:\/\/www.skulpturen-unikate.de\/wp-content\/uploads\/2024\/05\/IMG_0013-225x300.jpg 225w, https:\/\/www.skulpturen-unikate.de\/wp-content\/uploads\/2024\/05\/IMG_0013-1152x1536.jpg 1152w, https:\/\/www.skulpturen-unikate.de\/wp-content\/uploads\/2024\/05\/IMG_0013-rotated.jpg 1512w\" sizes=\"auto, (max-width: 706px) 89vw, (max-width: 767px) 82vw, 740px\" \/><figcaption class=\"wp-element-caption\">Reiher<\/figcaption><\/figure>\n\n\n\n<figure class=\"wp-block-image size-large\"><img loading=\"lazy\" decoding=\"async\" width=\"768\" height=\"1024\" data-id=\"34\" src=\"https:\/\/www.skulpturen-unikate.de\/wp-content\/uploads\/2024\/05\/IMG_0012-768x1024.jpg\" alt=\"\" class=\"wp-image-34\" srcset=\"https:\/\/www.skulpturen-unikate.de\/wp-content\/uploads\/2024\/05\/IMG_0012-768x1024.jpg 768w, https:\/\/www.skulpturen-unikate.de\/wp-content\/uploads\/2024\/05\/IMG_0012-rotated-350x467.jpg 350w, https:\/\/www.skulpturen-unikate.de\/wp-content\/uploads\/2024\/05\/IMG_0012-225x300.jpg 225w, https:\/\/www.skulpturen-unikate.de\/wp-content\/uploads\/2024\/05\/IMG_0012-1152x1536.jpg 1152w, https:\/\/www.skulpturen-unikate.de\/wp-content\/uploads\/2024\/05\/IMG_0012-rotated.jpg 1512w\" sizes=\"auto, (max-width: 706px) 89vw, (max-width: 767px) 82vw, 740px\" \/><figcaption class=\"wp-element-caption\">Reiher<\/figcaption><\/figure>\n<\/figure>\n","protected":false},"excerpt":{"rendered":"<p>Ein meiner Schwerpunkte ist die k\u00fcnstlerische Veredelung einer Granitskulptur mit Elementen aus Bronze. Dabei kann zuerst die Granitskulptur entstehen und die Bronze die Skulptur vollenden, sowie auch die Bronze das f\u00fchrende Element sein und der Ganit die Skulptur unterstreichen. Die Bonzeskulpturen werden in unterschiedlichen Verfahren im Bronzeguss von mir hergestellt. Die unterschiedlichen Guss-Verfahren welche bei &hellip; <\/p>\n<p class=\"link-more\"><a href=\"https:\/\/www.skulpturen-unikate.de\/?page_id=107\" class=\"more-link\"><span class=\"screen-reader-text\">\u201eSkulpturen aus Bronze\u201c <\/span>weiterlesen<\/a><\/p>\n","protected":false},"author":1,"featured_media":0,"parent":0,"menu_order":0,"comment_status":"closed","ping_status":"closed","template":"","meta":{"footnotes":""},"class_list":["post-107","page","type-page","status-publish","hentry"],"_links":{"self":[{"href":"https:\/\/www.skulpturen-unikate.de\/index.php?rest_route=\/wp\/v2\/pages\/107","targetHints":{"allow":["GET"]}}],"collection":[{"href":"https:\/\/www.skulpturen-unikate.de\/index.php?rest_route=\/wp\/v2\/pages"}],"about":[{"href":"https:\/\/www.skulpturen-unikate.de\/index.php?rest_route=\/wp\/v2\/types\/page"}],"author":[{"embeddable":true,"href":"https:\/\/www.skulpturen-unikate.de\/index.php?rest_route=\/wp\/v2\/users\/1"}],"replies":[{"embeddable":true,"href":"https:\/\/www.skulpturen-unikate.de\/index.php?rest_route=%2Fwp%2Fv2%2Fcomments&post=107"}],"version-history":[{"count":4,"href":"https:\/\/www.skulpturen-unikate.de\/index.php?rest_route=\/wp\/v2\/pages\/107\/revisions"}],"predecessor-version":[{"id":202,"href":"https:\/\/www.skulpturen-unikate.de\/index.php?rest_route=\/wp\/v2\/pages\/107\/revisions\/202"}],"wp:attachment":[{"href":"https:\/\/www.skulpturen-unikate.de\/index.php?rest_route=%2Fwp%2Fv2%2Fmedia&parent=107"}],"curies":[{"name":"wp","href":"https:\/\/api.w.org\/{rel}","templated":true}]}}