{"id":112,"date":"2024-05-17T14:31:03","date_gmt":"2024-05-17T14:31:03","guid":{"rendered":"https:\/\/skulpturen-unikate.de\/?page_id=112"},"modified":"2024-07-07T17:34:27","modified_gmt":"2024-07-07T17:34:27","slug":"kuenstlerische-skulpturen","status":"publish","type":"page","link":"https:\/\/www.skulpturen-unikate.de\/?page_id=112","title":{"rendered":"k\u00fcnstlerische Skulpturen"},"content":{"rendered":"\n<div class=\"wp-block-cover\" style=\"min-height:430px;aspect-ratio:unset;\"><span aria-hidden=\"true\" class=\"wp-block-cover__background has-background-dim\"><\/span><img loading=\"lazy\" decoding=\"async\" width=\"768\" height=\"1024\" class=\"wp-block-cover__image-background wp-image-67\" alt=\"zwei Eulen mit einem Elefanten\" src=\"https:\/\/www.skulpturen-unikate.de\/wp-content\/uploads\/2024\/05\/IMG_0078-768x1024.jpg\" style=\"object-position:70% 22%\" data-object-fit=\"cover\" data-object-position=\"70% 22%\" srcset=\"https:\/\/www.skulpturen-unikate.de\/wp-content\/uploads\/2024\/05\/IMG_0078-768x1024.jpg 768w, https:\/\/www.skulpturen-unikate.de\/wp-content\/uploads\/2024\/05\/IMG_0078-rotated-350x467.jpg 350w, https:\/\/www.skulpturen-unikate.de\/wp-content\/uploads\/2024\/05\/IMG_0078-225x300.jpg 225w, https:\/\/www.skulpturen-unikate.de\/wp-content\/uploads\/2024\/05\/IMG_0078-1152x1536.jpg 1152w, https:\/\/www.skulpturen-unikate.de\/wp-content\/uploads\/2024\/05\/IMG_0078-rotated.jpg 1512w\" sizes=\"auto, (max-width: 706px) 89vw, (max-width: 767px) 82vw, 740px\" \/><div class=\"wp-block-cover__inner-container is-layout-flow wp-block-cover-is-layout-flow\">\n<p class=\"has-text-align-center has-large-font-size\">zwei Eulen &#8211; jede ein Unikat<\/p>\n<\/div><\/div>\n\n\n\n<p>Grundlegend ist die Verwendung der unterschiedlichen Materialien. Ich verwende nur wetterfeste Steine.<\/p>\n\n\n\n<h2 class=\"wp-block-heading\">Granit<\/h2>\n\n\n\n<p>Mein am h\u00e4ufigsten verwendetes Material, da es bei uns in der Oberpfalz und besonders in der Region um Nittenau h\u00e4ufig vorkommt.<\/p>\n\n\n\n<p>Granit ist schwer zu bearbeiten und erfordert zum Gestalten besonders geh\u00e4rtete Eisen und Diamantwerkzeuge. Granit hat aber den Vorteil, dass es sich gut polieren l\u00e4sst und je nach Bearbeitung lassen sich unterschiedliche und nat\u00fcrliche Farbvarianten erzeugen. <img loading=\"lazy\" decoding=\"async\" width=\"150\" height=\"200\" class=\"wp-image-20\" style=\"width: 150px;\" src=\"https:\/\/www.skulpturen-unikate.de\/wp-content\/uploads\/2024\/05\/20230402_113643412_iOS-rotated.jpg\" alt=\"Graniteule\" srcset=\"https:\/\/www.skulpturen-unikate.de\/wp-content\/uploads\/2024\/05\/20230402_113643412_iOS-rotated.jpg 1512w, https:\/\/www.skulpturen-unikate.de\/wp-content\/uploads\/2024\/05\/20230402_113643412_iOS-rotated-350x467.jpg 350w, https:\/\/www.skulpturen-unikate.de\/wp-content\/uploads\/2024\/05\/20230402_113643412_iOS-225x300.jpg 225w, https:\/\/www.skulpturen-unikate.de\/wp-content\/uploads\/2024\/05\/20230402_113643412_iOS-768x1024.jpg 768w, https:\/\/www.skulpturen-unikate.de\/wp-content\/uploads\/2024\/05\/20230402_113643412_iOS-1152x1536.jpg 1152w\" sizes=\"auto, (max-width: 150px) 100vw, 150px\" \/><\/p>\n\n\n\n<h2 class=\"wp-block-heading\">Sandstein<\/h2>\n","protected":false},"excerpt":{"rendered":"<p>Grundlegend ist die Verwendung der unterschiedlichen Materialien. Ich verwende nur wetterfeste Steine. Granit Mein am h\u00e4ufigsten verwendetes Material, da es bei uns in der Oberpfalz und besonders in der Region um Nittenau h\u00e4ufig vorkommt. Granit ist schwer zu bearbeiten und erfordert zum Gestalten besonders geh\u00e4rtete Eisen und Diamantwerkzeuge. Granit hat aber den Vorteil, dass es &hellip; <\/p>\n<p class=\"link-more\"><a href=\"https:\/\/www.skulpturen-unikate.de\/?page_id=112\" class=\"more-link\"><span class=\"screen-reader-text\">\u201ek\u00fcnstlerische Skulpturen\u201c <\/span>weiterlesen<\/a><\/p>\n","protected":false},"author":1,"featured_media":0,"parent":0,"menu_order":0,"comment_status":"closed","ping_status":"closed","template":"","meta":{"footnotes":""},"class_list":["post-112","page","type-page","status-publish","hentry"],"_links":{"self":[{"href":"https:\/\/www.skulpturen-unikate.de\/index.php?rest_route=\/wp\/v2\/pages\/112","targetHints":{"allow":["GET"]}}],"collection":[{"href":"https:\/\/www.skulpturen-unikate.de\/index.php?rest_route=\/wp\/v2\/pages"}],"about":[{"href":"https:\/\/www.skulpturen-unikate.de\/index.php?rest_route=\/wp\/v2\/types\/page"}],"author":[{"embeddable":true,"href":"https:\/\/www.skulpturen-unikate.de\/index.php?rest_route=\/wp\/v2\/users\/1"}],"replies":[{"embeddable":true,"href":"https:\/\/www.skulpturen-unikate.de\/index.php?rest_route=%2Fwp%2Fv2%2Fcomments&post=112"}],"version-history":[{"count":3,"href":"https:\/\/www.skulpturen-unikate.de\/index.php?rest_route=\/wp\/v2\/pages\/112\/revisions"}],"predecessor-version":[{"id":159,"href":"https:\/\/www.skulpturen-unikate.de\/index.php?rest_route=\/wp\/v2\/pages\/112\/revisions\/159"}],"wp:attachment":[{"href":"https:\/\/www.skulpturen-unikate.de\/index.php?rest_route=%2Fwp%2Fv2%2Fmedia&parent=112"}],"curies":[{"name":"wp","href":"https:\/\/api.w.org\/{rel}","templated":true}]}}