{"id":2,"date":"2024-05-14T15:19:36","date_gmt":"2024-05-14T15:19:36","guid":{"rendered":"https:\/\/skulpturen-unikate.de\/?page_id=2"},"modified":"2024-07-07T13:56:38","modified_gmt":"2024-07-07T13:56:38","slug":"sample-page","status":"publish","type":"page","link":"https:\/\/www.skulpturen-unikate.de\/","title":{"rendered":"Mission"},"content":{"rendered":"\n<h2 class=\"wp-block-heading\"><strong>Willkommen auf der Startseite von Skulpturen-Unikate<\/strong><\/h2>\n\n\n\n<p>Meine Skulpturen sind gr\u00f6\u00dftenteils Unikate. Es gibt sie kein weiteres mal! Aber was macht ein Unikat von mir aus?<\/p>\n\n\n\n<p>Jeder Stein ist, wie auch Holz, ein nat\u00fcrlicher Werkstoff und ist grunds\u00e4tzlich ein Unikat. <br>Das verstehe ich jedoch noch nicht als Unikat. <br>Ein grauer Granit ist ein Werkstoff wie eine Eichenbohle. Eine Eichenbohle wird in meinem Verst\u00e4ndnis zu keinem Unikat nur weil es eine unterschiedliche Maserung durch Jahresringe und Astl\u00f6cher hat. <\/p>\n\n\n\n<p>Auf diesen Seiten finden Sie haupts\u00e4chlich nur Unikate. Sobald auf diesen Seiten der Begriff Unikat verwendet wird, so bezeichnet der Begriff nur eine bestimmte Skulptur und eine bestimmte Entstehungsvariante. So ist auch f\u00fcr mich ein grauer Granit nur ein Werkstoff und die Verwendung von nat\u00fcrlich gebrochenen Granit macht meine Skulpturen noch zu keinem Unikat.<\/p>\n\n\n\n<p> Auf den Seiten <a href=\"https:\/\/www.skulpturen-unikate.de\/?page_id=112\" data-type=\"page\" data-id=\"112\">k\u00fcnstlerische Skulpturen<\/a> versuche ich Ihnen meine k\u00fcnstlerische T\u00e4tigkeit n\u00e4her zu bringen und nehme Sie mit auf die Reise der Entstehung der verschiedene Skulpturenarten.<\/p>\n\n\n\n<figure class=\"wp-block-image size-large\"><img loading=\"lazy\" decoding=\"async\" width=\"1024\" height=\"768\" src=\"https:\/\/www.skulpturen-unikate.de\/wp-content\/uploads\/2024\/05\/IMG_0011-1024x768.jpg\" alt=\"\" class=\"wp-image-33\" srcset=\"https:\/\/www.skulpturen-unikate.de\/wp-content\/uploads\/2024\/05\/IMG_0011-1024x768.jpg 1024w, https:\/\/www.skulpturen-unikate.de\/wp-content\/uploads\/2024\/05\/IMG_0011-350x263.jpg 350w, https:\/\/www.skulpturen-unikate.de\/wp-content\/uploads\/2024\/05\/IMG_0011-300x225.jpg 300w, https:\/\/www.skulpturen-unikate.de\/wp-content\/uploads\/2024\/05\/IMG_0011-768x576.jpg 768w, https:\/\/www.skulpturen-unikate.de\/wp-content\/uploads\/2024\/05\/IMG_0011-1536x1152.jpg 1536w, https:\/\/www.skulpturen-unikate.de\/wp-content\/uploads\/2024\/05\/IMG_0011.jpg 2016w\" sizes=\"auto, (max-width: 706px) 89vw, (max-width: 767px) 82vw, 740px\" \/><figcaption class=\"wp-element-caption\">Stier Anlehnfigur<\/figcaption><\/figure>\n","protected":false},"excerpt":{"rendered":"<p>Willkommen auf der Startseite von Skulpturen-Unikate Meine Skulpturen sind gr\u00f6\u00dftenteils Unikate. Es gibt sie kein weiteres mal! Aber was macht ein Unikat von mir aus? Jeder Stein ist, wie auch Holz, ein nat\u00fcrlicher Werkstoff und ist grunds\u00e4tzlich ein Unikat. Das verstehe ich jedoch noch nicht als Unikat. Ein grauer Granit ist ein Werkstoff wie eine &hellip; <\/p>\n<p class=\"link-more\"><a href=\"https:\/\/www.skulpturen-unikate.de\/\" class=\"more-link\"><span class=\"screen-reader-text\">\u201eMission\u201c <\/span>weiterlesen<\/a><\/p>\n","protected":false},"author":1,"featured_media":0,"parent":0,"menu_order":0,"comment_status":"closed","ping_status":"closed","template":"","meta":{"footnotes":""},"class_list":["post-2","page","type-page","status-publish","hentry"],"_links":{"self":[{"href":"https:\/\/www.skulpturen-unikate.de\/index.php?rest_route=\/wp\/v2\/pages\/2","targetHints":{"allow":["GET"]}}],"collection":[{"href":"https:\/\/www.skulpturen-unikate.de\/index.php?rest_route=\/wp\/v2\/pages"}],"about":[{"href":"https:\/\/www.skulpturen-unikate.de\/index.php?rest_route=\/wp\/v2\/types\/page"}],"author":[{"embeddable":true,"href":"https:\/\/www.skulpturen-unikate.de\/index.php?rest_route=\/wp\/v2\/users\/1"}],"replies":[{"embeddable":true,"href":"https:\/\/www.skulpturen-unikate.de\/index.php?rest_route=%2Fwp%2Fv2%2Fcomments&post=2"}],"version-history":[{"count":11,"href":"https:\/\/www.skulpturen-unikate.de\/index.php?rest_route=\/wp\/v2\/pages\/2\/revisions"}],"predecessor-version":[{"id":165,"href":"https:\/\/www.skulpturen-unikate.de\/index.php?rest_route=\/wp\/v2\/pages\/2\/revisions\/165"}],"wp:attachment":[{"href":"https:\/\/www.skulpturen-unikate.de\/index.php?rest_route=%2Fwp%2Fv2%2Fmedia&parent=2"}],"curies":[{"name":"wp","href":"https:\/\/api.w.org\/{rel}","templated":true}]}}