{"id":190,"date":"2024-07-15T07:41:24","date_gmt":"2024-07-15T07:41:24","guid":{"rendered":"https:\/\/www.skulpturen-unikate.de\/?post_type=product&#038;p=190"},"modified":"2024-10-05T11:25:06","modified_gmt":"2024-10-05T11:25:06","slug":"frau-im-wind","status":"publish","type":"product","link":"https:\/\/www.skulpturen-unikate.de\/?product=frau-im-wind","title":{"rendered":"Frau im Wind"},"content":{"rendered":"","protected":false},"excerpt":{"rendered":"<h2>Bronze-Granit-Skulptur<\/h2>\n<p>Das im Wind flatternde Kleid wird von dem nat\u00fcrlich gebrochen Granit gebildet. Die Frau ist in Bronze gego\u00dfen und ist der nat\u00fcrlichen Verwitterung ausgesetzt.<\/p>\n<p>Bei diesem Werk hat mich der gebrochene Granit inspiriert und ich habe die Figur an den Stein angepasst.<\/p>\n<p>Die Figur wurde im Herdgussverfahren hergestellt und ist nach der Politur nat\u00fcrlich belassen. Es stellt sich eine nat\u00fcrliche Patina ein, die sich je nach Umgebungsbedingung weiter ver\u00e4ndern kann.<\/p>\n","protected":false},"featured_media":75,"template":"","meta":[],"product_brand":[],"product_cat":[21,19,18],"product_tag":[],"class_list":{"0":"post-190","1":"product","2":"type-product","3":"status-publish","4":"has-post-thumbnail","6":"product_cat-anlehnfigur","7":"product_cat-bronze","8":"product_cat-granit","10":"first","11":"instock","12":"sold-individually","13":"taxable","14":"shipping-taxable","15":"product-type-simple"},"_links":{"self":[{"href":"https:\/\/www.skulpturen-unikate.de\/index.php?rest_route=\/wp\/v2\/product\/190","targetHints":{"allow":["GET"]}}],"collection":[{"href":"https:\/\/www.skulpturen-unikate.de\/index.php?rest_route=\/wp\/v2\/product"}],"about":[{"href":"https:\/\/www.skulpturen-unikate.de\/index.php?rest_route=\/wp\/v2\/types\/product"}],"wp:featuredmedia":[{"embeddable":true,"href":"https:\/\/www.skulpturen-unikate.de\/index.php?rest_route=\/wp\/v2\/media\/75"}],"wp:attachment":[{"href":"https:\/\/www.skulpturen-unikate.de\/index.php?rest_route=%2Fwp%2Fv2%2Fmedia&parent=190"}],"wp:term":[{"taxonomy":"product_brand","embeddable":true,"href":"https:\/\/www.skulpturen-unikate.de\/index.php?rest_route=%2Fwp%2Fv2%2Fproduct_brand&post=190"},{"taxonomy":"product_cat","embeddable":true,"href":"https:\/\/www.skulpturen-unikate.de\/index.php?rest_route=%2Fwp%2Fv2%2Fproduct_cat&post=190"},{"taxonomy":"product_tag","embeddable":true,"href":"https:\/\/www.skulpturen-unikate.de\/index.php?rest_route=%2Fwp%2Fv2%2Fproduct_tag&post=190"}],"curies":[{"name":"wp","href":"https:\/\/api.w.org\/{rel}","templated":true}]}}