{"id":203,"date":"2024-07-15T09:11:48","date_gmt":"2024-07-15T09:11:48","guid":{"rendered":"https:\/\/www.skulpturen-unikate.de\/?post_type=product&#038;p=203"},"modified":"2024-11-04T17:12:42","modified_gmt":"2024-11-04T17:12:42","slug":"reiher-wartet-auf-fische","status":"publish","type":"product","link":"https:\/\/www.skulpturen-unikate.de\/?product=reiher-wartet-auf-fische","title":{"rendered":"Der Reiher wartet"},"content":{"rendered":"","protected":false},"excerpt":{"rendered":"<h2>Reiher wartet auf Fische &#8211; Unikat<\/h2>\n<p>Reiherkopf aus Bronze mit wechselnd patinierten Fl\u00e4chen. Die Bronze ist selbst gegossen, der Kopf dunkel und bl\u00e4ulich patiniert und der Schabel poliert und gegen Witterung gesch\u00fctzt.<\/p>\n<p>Die Fl\u00fcgel bestehen aus nat\u00fcrlich gebrochenen r\u00f6tlichen Granit aus Thanstein und sind an die Stele und den Reiherkopf angepasst.<\/p>\n[caption id=\"attachment_36\" align=\"alignnone\" width=\"225\"]<img loading=\"lazy\" decoding=\"async\" class=\"size-medium wp-image-36\" src=\"https:\/\/www.skulpturen-unikate.de\/wp-content\/uploads\/2024\/05\/IMG_0014-225x300.jpg\" alt=\"\" width=\"225\" height=\"300\" srcset=\"https:\/\/www.skulpturen-unikate.de\/wp-content\/uploads\/2024\/05\/IMG_0014-225x300.jpg 225w, https:\/\/www.skulpturen-unikate.de\/wp-content\/uploads\/2024\/05\/IMG_0014-rotated-350x467.jpg 350w, https:\/\/www.skulpturen-unikate.de\/wp-content\/uploads\/2024\/05\/IMG_0014-768x1024.jpg 768w, https:\/\/www.skulpturen-unikate.de\/wp-content\/uploads\/2024\/05\/IMG_0014-1152x1536.jpg 1152w, https:\/\/www.skulpturen-unikate.de\/wp-content\/uploads\/2024\/05\/IMG_0014-rotated.jpg 1512w\" sizes=\"auto, (max-width: 225px) 100vw, 225px\" \/> Ausschnitt Reiher[\/caption]\n","protected":false},"featured_media":34,"template":"","meta":[],"product_brand":[],"product_cat":[19,18,22],"product_tag":[],"class_list":{"0":"post-203","1":"product","2":"type-product","3":"status-publish","4":"has-post-thumbnail","6":"product_cat-bronze","7":"product_cat-granit","8":"product_cat-stele","10":"first","11":"instock","12":"taxable","13":"shipping-taxable","14":"product-type-simple"},"_links":{"self":[{"href":"https:\/\/www.skulpturen-unikate.de\/index.php?rest_route=\/wp\/v2\/product\/203","targetHints":{"allow":["GET"]}}],"collection":[{"href":"https:\/\/www.skulpturen-unikate.de\/index.php?rest_route=\/wp\/v2\/product"}],"about":[{"href":"https:\/\/www.skulpturen-unikate.de\/index.php?rest_route=\/wp\/v2\/types\/product"}],"wp:featuredmedia":[{"embeddable":true,"href":"https:\/\/www.skulpturen-unikate.de\/index.php?rest_route=\/wp\/v2\/media\/34"}],"wp:attachment":[{"href":"https:\/\/www.skulpturen-unikate.de\/index.php?rest_route=%2Fwp%2Fv2%2Fmedia&parent=203"}],"wp:term":[{"taxonomy":"product_brand","embeddable":true,"href":"https:\/\/www.skulpturen-unikate.de\/index.php?rest_route=%2Fwp%2Fv2%2Fproduct_brand&post=203"},{"taxonomy":"product_cat","embeddable":true,"href":"https:\/\/www.skulpturen-unikate.de\/index.php?rest_route=%2Fwp%2Fv2%2Fproduct_cat&post=203"},{"taxonomy":"product_tag","embeddable":true,"href":"https:\/\/www.skulpturen-unikate.de\/index.php?rest_route=%2Fwp%2Fv2%2Fproduct_tag&post=203"}],"curies":[{"name":"wp","href":"https:\/\/api.w.org\/{rel}","templated":true}]}}