{"id":210,"date":"2024-07-15T14:02:21","date_gmt":"2024-07-15T14:02:21","guid":{"rendered":"https:\/\/www.skulpturen-unikate.de\/?post_type=product&#038;p=210"},"modified":"2024-07-20T21:30:49","modified_gmt":"2024-07-20T21:30:49","slug":"sonnenfaenger-mit-bonzekopf-und-sprengloecher","status":"publish","type":"product","link":"https:\/\/www.skulpturen-unikate.de\/?product=sonnenfaenger-mit-bonzekopf-und-sprengloecher","title":{"rendered":"Sonnenf\u00e4nger mit Bonzekopf und Sprengl\u00f6cher"},"content":{"rendered":"","protected":false},"excerpt":{"rendered":"<p>Sonnenf\u00e4nger<\/p>\n<p>Bronzekopf unpatiniert<\/p>\n<p>Roter Granit mit Sprengl\u00f6cher<\/p>\n","protected":false},"featured_media":65,"template":"","meta":[],"product_brand":[],"product_cat":[21,19,18],"product_tag":[],"class_list":{"0":"post-210","1":"product","2":"type-product","3":"status-publish","4":"has-post-thumbnail","6":"product_cat-anlehnfigur","7":"product_cat-bronze","8":"product_cat-granit","10":"first","11":"instock","12":"taxable","13":"shipping-taxable","14":"purchasable","15":"product-type-simple"},"_links":{"self":[{"href":"https:\/\/www.skulpturen-unikate.de\/index.php?rest_route=\/wp\/v2\/product\/210","targetHints":{"allow":["GET"]}}],"collection":[{"href":"https:\/\/www.skulpturen-unikate.de\/index.php?rest_route=\/wp\/v2\/product"}],"about":[{"href":"https:\/\/www.skulpturen-unikate.de\/index.php?rest_route=\/wp\/v2\/types\/product"}],"wp:featuredmedia":[{"embeddable":true,"href":"https:\/\/www.skulpturen-unikate.de\/index.php?rest_route=\/wp\/v2\/media\/65"}],"wp:attachment":[{"href":"https:\/\/www.skulpturen-unikate.de\/index.php?rest_route=%2Fwp%2Fv2%2Fmedia&parent=210"}],"wp:term":[{"taxonomy":"product_brand","embeddable":true,"href":"https:\/\/www.skulpturen-unikate.de\/index.php?rest_route=%2Fwp%2Fv2%2Fproduct_brand&post=210"},{"taxonomy":"product_cat","embeddable":true,"href":"https:\/\/www.skulpturen-unikate.de\/index.php?rest_route=%2Fwp%2Fv2%2Fproduct_cat&post=210"},{"taxonomy":"product_tag","embeddable":true,"href":"https:\/\/www.skulpturen-unikate.de\/index.php?rest_route=%2Fwp%2Fv2%2Fproduct_tag&post=210"}],"curies":[{"name":"wp","href":"https:\/\/api.w.org\/{rel}","templated":true}]}}