{"id":235,"date":"2024-08-04T19:25:30","date_gmt":"2024-08-04T19:25:30","guid":{"rendered":"https:\/\/www.skulpturen-unikate.de\/?post_type=product&#038;p=235"},"modified":"2024-08-04T20:19:23","modified_gmt":"2024-08-04T20:19:23","slug":"adam-eva","status":"publish","type":"product","link":"https:\/\/www.skulpturen-unikate.de\/?product=adam-eva","title":{"rendered":"Adam &#038; Eva"},"content":{"rendered":"","protected":false},"excerpt":{"rendered":"[caption id=\"attachment_39\" align=\"alignnone\" width=\"225\"]<img loading=\"lazy\" decoding=\"async\" class=\"size-medium wp-image-39\" src=\"https:\/\/www.skulpturen-unikate.de\/wp-content\/uploads\/2024\/05\/IMG_0017-225x300.jpg\" alt=\"\" width=\"225\" height=\"300\" srcset=\"https:\/\/www.skulpturen-unikate.de\/wp-content\/uploads\/2024\/05\/IMG_0017-225x300.jpg 225w, https:\/\/www.skulpturen-unikate.de\/wp-content\/uploads\/2024\/05\/IMG_0017-rotated-350x467.jpg 350w, https:\/\/www.skulpturen-unikate.de\/wp-content\/uploads\/2024\/05\/IMG_0017-768x1024.jpg 768w, https:\/\/www.skulpturen-unikate.de\/wp-content\/uploads\/2024\/05\/IMG_0017-1152x1536.jpg 1152w, https:\/\/www.skulpturen-unikate.de\/wp-content\/uploads\/2024\/05\/IMG_0017-rotated.jpg 1512w\" sizes=\"auto, (max-width: 225px) 100vw, 225px\" \/> Eva-Seite[\/caption]\n[caption id=\"attachment_62\" align=\"alignnone\" width=\"225\"]<img loading=\"lazy\" decoding=\"async\" class=\"size-medium wp-image-62\" src=\"https:\/\/www.skulpturen-unikate.de\/wp-content\/uploads\/2024\/05\/IMG_0057-225x300.jpg\" alt=\"\" width=\"225\" height=\"300\" srcset=\"https:\/\/www.skulpturen-unikate.de\/wp-content\/uploads\/2024\/05\/IMG_0057-225x300.jpg 225w, https:\/\/www.skulpturen-unikate.de\/wp-content\/uploads\/2024\/05\/IMG_0057-rotated-350x467.jpg 350w, https:\/\/www.skulpturen-unikate.de\/wp-content\/uploads\/2024\/05\/IMG_0057-768x1024.jpg 768w, https:\/\/www.skulpturen-unikate.de\/wp-content\/uploads\/2024\/05\/IMG_0057-1152x1536.jpg 1152w, https:\/\/www.skulpturen-unikate.de\/wp-content\/uploads\/2024\/05\/IMG_0057-rotated.jpg 1512w\" sizes=\"auto, (max-width: 225px) 100vw, 225px\" \/> Eva[\/caption]\n[caption id=\"attachment_40\" align=\"alignnone\" width=\"225\"]<img loading=\"lazy\" decoding=\"async\" class=\"size-medium wp-image-40\" src=\"https:\/\/www.skulpturen-unikate.de\/wp-content\/uploads\/2024\/05\/IMG_0018-225x300.jpg\" alt=\"\" width=\"225\" height=\"300\" srcset=\"https:\/\/www.skulpturen-unikate.de\/wp-content\/uploads\/2024\/05\/IMG_0018-225x300.jpg 225w, https:\/\/www.skulpturen-unikate.de\/wp-content\/uploads\/2024\/05\/IMG_0018-rotated-350x467.jpg 350w, https:\/\/www.skulpturen-unikate.de\/wp-content\/uploads\/2024\/05\/IMG_0018-768x1024.jpg 768w, https:\/\/www.skulpturen-unikate.de\/wp-content\/uploads\/2024\/05\/IMG_0018-1152x1536.jpg 1152w, https:\/\/www.skulpturen-unikate.de\/wp-content\/uploads\/2024\/05\/IMG_0018-rotated.jpg 1512w\" sizes=\"auto, (max-width: 225px) 100vw, 225px\" \/> Adam-Seite[\/caption]\n<h2>Bronze-Skulptur auf Granitsockel<\/h2>\n<p>Die Figur wurde im Wachsausschmelzverfahren hergestellt.<\/p>\n<p>Die Idee zu diesem Werk habe ich bei der Modellierung eines Wachsmodell gehabt. Ich modellierte an einer R\u00fcckseite einer Frau und aus der R\u00fcckseite der Frau ist die Vorderseite eines Mannes entstanden. Im \u00fcbertragenen Sinn ist nicht aus der Rippe des Mannes die Eva erschaffen worden, sondern aus aus dem Hinterteil der Eva wurde Adam erschaffen.<\/p>\n<p>Die Figur wurde in Wachs modelliert und in Formsand gebettet, ausgeschmolzen und die Form gebrannt. Anschlie\u00dfend wurden in die Form Bronze gegossen, Bei der entstandenen Figur wurde, au\u00dfer dem Kopf der Roh belassen wurden, die Figur poliert und patiniert und anschlie\u00dfend mit Klarlack vor weitere Verwitterung gesch\u00fctzt.<\/p>\n","protected":false},"featured_media":217,"template":"","meta":[],"product_brand":[],"product_cat":[21,19,18],"product_tag":[],"class_list":{"0":"post-235","1":"product","2":"type-product","3":"status-publish","4":"has-post-thumbnail","6":"product_cat-anlehnfigur","7":"product_cat-bronze","8":"product_cat-granit","10":"first","11":"instock","12":"sold-individually","13":"product-type-simple"},"_links":{"self":[{"href":"https:\/\/www.skulpturen-unikate.de\/index.php?rest_route=\/wp\/v2\/product\/235","targetHints":{"allow":["GET"]}}],"collection":[{"href":"https:\/\/www.skulpturen-unikate.de\/index.php?rest_route=\/wp\/v2\/product"}],"about":[{"href":"https:\/\/www.skulpturen-unikate.de\/index.php?rest_route=\/wp\/v2\/types\/product"}],"wp:featuredmedia":[{"embeddable":true,"href":"https:\/\/www.skulpturen-unikate.de\/index.php?rest_route=\/wp\/v2\/media\/217"}],"wp:attachment":[{"href":"https:\/\/www.skulpturen-unikate.de\/index.php?rest_route=%2Fwp%2Fv2%2Fmedia&parent=235"}],"wp:term":[{"taxonomy":"product_brand","embeddable":true,"href":"https:\/\/www.skulpturen-unikate.de\/index.php?rest_route=%2Fwp%2Fv2%2Fproduct_brand&post=235"},{"taxonomy":"product_cat","embeddable":true,"href":"https:\/\/www.skulpturen-unikate.de\/index.php?rest_route=%2Fwp%2Fv2%2Fproduct_cat&post=235"},{"taxonomy":"product_tag","embeddable":true,"href":"https:\/\/www.skulpturen-unikate.de\/index.php?rest_route=%2Fwp%2Fv2%2Fproduct_tag&post=235"}],"curies":[{"name":"wp","href":"https:\/\/api.w.org\/{rel}","templated":true}]}}